{"id":309,"date":"2024-07-11T10:09:24","date_gmt":"2024-07-11T09:09:24","guid":{"rendered":"https:\/\/qji.joe.mybluehost.me\/sobre-nosotros\/"},"modified":"2026-02-10T11:31:16","modified_gmt":"2026-02-10T10:31:16","slug":"sobre-nosotros","status":"publish","type":"page","link":"https:\/\/casa-cosi.com\/es\/sobre-nosotros\/","title":{"rendered":"Sobre nosotros"},"content":{"rendered":"\t\t<div data-elementor-type=\"wp-page\" data-elementor-id=\"309\" class=\"elementor elementor-309\" data-elementor-post-type=\"page\">\n\t\t\t\t<div class=\"elementor-element elementor-element-288f10b e-flex e-con-boxed e-con e-parent\" data-id=\"288f10b\" data-element_type=\"container\" data-e-type=\"container\" data-settings=\"{&quot;background_background&quot;:&quot;classic&quot;}\">\n\t\t\t\t\t<div class=\"e-con-inner\">\n\t\t\t\t\t<\/div>\n\t\t\t\t<\/div>\n\t\t<div class=\"elementor-element elementor-element-6bf9fa9 e-flex e-con-boxed e-con e-parent\" data-id=\"6bf9fa9\" data-element_type=\"container\" data-e-type=\"container\">\n\t\t\t\t\t<div class=\"e-con-inner\">\n\t\t\t\t<div class=\"elementor-element elementor-element-4bdfc85 elementor-widget__width-inherit elementor-widget elementor-widget-heading\" data-id=\"4bdfc85\" data-element_type=\"widget\" data-e-type=\"widget\" data-widget_type=\"heading.default\">\n\t\t\t\t<div class=\"elementor-widget-container\">\n\t\t\t\t\t<h2 class=\"elementor-heading-title elementor-size-default\">Bienvenido a Casa Cosi<\/h2>\t\t\t\t<\/div>\n\t\t\t\t<\/div>\n\t\t\t\t\t<\/div>\n\t\t\t\t<\/div>\n\t\t<div class=\"elementor-element elementor-element-5498932 e-flex e-con-boxed e-con e-parent\" data-id=\"5498932\" data-element_type=\"container\" data-e-type=\"container\">\n\t\t\t\t\t<div class=\"e-con-inner\">\n\t\t\t\t<div class=\"elementor-element elementor-element-c879ce2 elementor-widget__width-initial elementor-widget elementor-widget-text-editor\" data-id=\"c879ce2\" data-element_type=\"widget\" data-e-type=\"widget\" data-widget_type=\"text-editor.default\">\n\t\t\t\t<div class=\"elementor-widget-container\">\n\t\t\t\t\t\t\t\t\t<p>Nuestra historia comenz\u00f3 hace m\u00e1s de 10 a\u00f1os con una idea simple: crear un lugar donde los viajeros pudieran sentir la calidez y la familiaridad de su hogar mientras exploran nuevos destinos. Fundada por un equipo apasionado de amantes de los viajes y expertos en hospitalidad, Casa Cosi naci\u00f3 de una visi\u00f3n compartida que combina comodidad, confort y encanto local.<\/p><p>Desde nuestros humildes comienzos, nos hemos convertido en un nombre de confianza en la industria de alquileres vacacionales. Nuestro recorrido ha sido impulsado por el compromiso de ofrecer experiencias excepcionales tanto a propietarios como a viajeros. Con un portafolio de apartamentos bellamente decorados y completamente amueblados en ubicaciones privilegiadas, aseguramos que cada estancia sea inolvidable.<\/p><p>En Casa Cosi, entendemos el valor de la tranquilidad. Por eso nos encargamos de todo, desde la decoraci\u00f3n meticulosa de cada apartamento hasta el proceso de alquiler totalmente digitalizado y sin contratiempos. Nuestra asistencia 24\/7 est\u00e1 siempre disponible, garantizando que nuestros hu\u00e9spedes se sientan apoyados y atendidos en todo momento.<\/p><p>Nuestro compromiso con la sostenibilidad y el respeto a las comunidades locales gu\u00eda nuestras operaciones. Creemos en fomentar pr\u00e1cticas que beneficien tanto a nuestros hu\u00e9spedes como a los lugares que visitan, asegurando que nuestro impacto sea positivo y duradero.<\/p><p>Apreciada por propietarios y plataformas, Casa Cosi ha construido una reputaci\u00f3n de excelencia y fiabilidad. Nuestra misi\u00f3n es ofrecer una experiencia de viaje enriquecedora y sin contratiempos que combine lo mejor del hogar y las vacaciones.<\/p><p>\u00danase a nosotros en Casa Cosi y perm\u00edtanos ser parte de su pr\u00f3xima aventura. Aqu\u00ed, cada estancia cuenta una historia, y estamos ansiosos por ayudarle a escribir la suya.<\/p>\t\t\t\t\t\t\t\t<\/div>\n\t\t\t\t<\/div>\n\t\t<div class=\"elementor-element elementor-element-93c2b21 e-grid e-con-full e-con e-child\" data-id=\"93c2b21\" data-element_type=\"container\" data-e-type=\"container\">\n\t\t\t\t<div class=\"elementor-element elementor-element-ec7eb56 elementor-widget elementor-widget-image\" data-id=\"ec7eb56\" data-element_type=\"widget\" data-e-type=\"widget\" data-widget_type=\"image.default\">\n\t\t\t\t<div class=\"elementor-widget-container\">\n\t\t\t\t\t\t\t\t\t\t\t\t\t\t\t<img fetchpriority=\"high\" decoding=\"async\" width=\"950\" height=\"1365\" src=\"https:\/\/casa-cosi.com\/wp-content\/uploads\/2024\/07\/55A4057-1-1.jpg\" class=\"attachment-full size-full wp-image-559\" alt=\"\" srcset=\"https:\/\/casa-cosi.com\/wp-content\/uploads\/2024\/07\/55A4057-1-1.jpg 950w, https:\/\/casa-cosi.com\/wp-content\/uploads\/2024\/07\/55A4057-1-1-209x300.jpg 209w, https:\/\/casa-cosi.com\/wp-content\/uploads\/2024\/07\/55A4057-1-1-713x1024.jpg 713w, https:\/\/casa-cosi.com\/wp-content\/uploads\/2024\/07\/55A4057-1-1-768x1103.jpg 768w\" sizes=\"(max-width: 950px) 100vw, 950px\" \/>\t\t\t\t\t\t\t\t\t\t\t\t\t\t\t<\/div>\n\t\t\t\t<\/div>\n\t\t\t\t<div class=\"elementor-element elementor-element-00b40ef elementor-widget elementor-widget-image\" data-id=\"00b40ef\" data-element_type=\"widget\" data-e-type=\"widget\" data-widget_type=\"image.default\">\n\t\t\t\t<div class=\"elementor-widget-container\">\n\t\t\t\t\t\t\t\t\t\t\t\t\t\t\t<img decoding=\"async\" width=\"950\" height=\"1365\" src=\"https:\/\/casa-cosi.com\/wp-content\/uploads\/2024\/07\/55A9813-1.jpg\" class=\"attachment-full size-full wp-image-565\" alt=\"\" srcset=\"https:\/\/casa-cosi.com\/wp-content\/uploads\/2024\/07\/55A9813-1.jpg 950w, https:\/\/casa-cosi.com\/wp-content\/uploads\/2024\/07\/55A9813-1-209x300.jpg 209w, https:\/\/casa-cosi.com\/wp-content\/uploads\/2024\/07\/55A9813-1-713x1024.jpg 713w, https:\/\/casa-cosi.com\/wp-content\/uploads\/2024\/07\/55A9813-1-768x1103.jpg 768w\" sizes=\"(max-width: 950px) 100vw, 950px\" \/>\t\t\t\t\t\t\t\t\t\t\t\t\t\t\t<\/div>\n\t\t\t\t<\/div>\n\t\t\t\t<\/div>\n\t\t\t\t\t<\/div>\n\t\t\t\t<\/div>\n\t\t\t\t<\/div>\n\t\t","protected":false},"excerpt":{"rendered":"<p>Bienvenido a Casa Cosi Nuestra historia comenz\u00f3 hace m\u00e1s de 10 a\u00f1os con una idea simple: crear un lugar donde [&hellip;]<\/p>\n","protected":false},"author":1,"featured_media":0,"parent":0,"menu_order":0,"comment_status":"closed","ping_status":"closed","template":"","meta":{"_eb_attr":"","site-sidebar-layout":"no-sidebar","site-content-layout":"","ast-site-content-layout":"full-width-container","site-content-style":"default","site-sidebar-style":"default","ast-global-header-display":"","ast-banner-title-visibility":"","ast-main-header-display":"","ast-hfb-above-header-display":"","ast-hfb-below-header-display":"","ast-hfb-mobile-header-display":"","site-post-title":"disabled","ast-breadcrumbs-content":"","ast-featured-img":"disabled","footer-sml-layout":"","ast-disable-related-posts":"","theme-transparent-header-meta":"","adv-header-id-meta":"","stick-header-meta":"","header-above-stick-meta":"","header-main-stick-meta":"","header-below-stick-meta":"","astra-migrate-meta-layouts":"default","ast-page-background-enabled":"default","ast-page-background-meta":{"desktop":{"background-color":"var(--ast-global-color-4)","background-image":"","background-repeat":"repeat","background-position":"center center","background-size":"auto","background-attachment":"scroll","background-type":"","background-media":"","overlay-type":"","overlay-color":"","overlay-opacity":"","overlay-gradient":""},"tablet":{"background-color":"","background-image":"","background-repeat":"repeat","background-position":"center center","background-size":"auto","background-attachment":"scroll","background-type":"","background-media":"","overlay-type":"","overlay-color":"","overlay-opacity":"","overlay-gradient":""},"mobile":{"background-color":"","background-image":"","background-repeat":"repeat","background-position":"center center","background-size":"auto","background-attachment":"scroll","background-type":"","background-media":"","overlay-type":"","overlay-color":"","overlay-opacity":"","overlay-gradient":""}},"ast-content-background-meta":{"desktop":{"background-color":"var(--ast-global-color-5)","background-image":"","background-repeat":"repeat","background-position":"center center","background-size":"auto","background-attachment":"scroll","background-type":"","background-media":"","overlay-type":"","overlay-color":"","overlay-opacity":"","overlay-gradient":""},"tablet":{"background-color":"var(--ast-global-color-5)","background-image":"","background-repeat":"repeat","background-position":"center center","background-size":"auto","background-attachment":"scroll","background-type":"","background-media":"","overlay-type":"","overlay-color":"","overlay-opacity":"","overlay-gradient":""},"mobile":{"background-color":"var(--ast-global-color-5)","background-image":"","background-repeat":"repeat","background-position":"center center","background-size":"auto","background-attachment":"scroll","background-type":"","background-media":"","overlay-type":"","overlay-color":"","overlay-opacity":"","overlay-gradient":""}},"footnotes":""},"class_list":["post-309","page","type-page","status-publish","hentry"],"_links":{"self":[{"href":"https:\/\/casa-cosi.com\/es\/wp-json\/wp\/v2\/pages\/309","targetHints":{"allow":["GET"]}}],"collection":[{"href":"https:\/\/casa-cosi.com\/es\/wp-json\/wp\/v2\/pages"}],"about":[{"href":"https:\/\/casa-cosi.com\/es\/wp-json\/wp\/v2\/types\/page"}],"author":[{"embeddable":true,"href":"https:\/\/casa-cosi.com\/es\/wp-json\/wp\/v2\/users\/1"}],"replies":[{"embeddable":true,"href":"https:\/\/casa-cosi.com\/es\/wp-json\/wp\/v2\/comments?post=309"}],"version-history":[{"count":6,"href":"https:\/\/casa-cosi.com\/es\/wp-json\/wp\/v2\/pages\/309\/revisions"}],"predecessor-version":[{"id":2184,"href":"https:\/\/casa-cosi.com\/es\/wp-json\/wp\/v2\/pages\/309\/revisions\/2184"}],"wp:attachment":[{"href":"https:\/\/casa-cosi.com\/es\/wp-json\/wp\/v2\/media?parent=309"}],"curies":[{"name":"wp","href":"https:\/\/api.w.org\/{rel}","templated":true}]}}